{"id":102,"date":"2016-06-12T22:24:58","date_gmt":"2016-06-12T20:24:58","guid":{"rendered":"http:\/\/michaelis.kirchechemnitz.de\/wordpress\/?page_id=102"},"modified":"2024-05-15T19:44:31","modified_gmt":"2024-05-15T17:44:31","slug":"impressum","status":"publish","type":"page","link":"https:\/\/michaelis.kirchechemnitz.de\/wordpress\/impressum\/","title":{"rendered":"Impressum"},"content":{"rendered":"<h2>Bildquellen<\/h2>\n<ul>\n<li>Beitragsbild St. Michaelisfriedhof &#8211; Foto: Peter Straube<\/li>\n<li>Beitragsbild Gottesdienste &#8211; Foto: Katrin Meiler<\/li>\n<li>Beitragsbild St. Michaeliskirche &#8211; Foto: Peter Straube<\/li>\n<li>Header &#8211; Foto: Peter Straube<\/li>\n<\/ul>\n<p>alle \u00fcbrigen Fotos entstammen dem Archiv der Kirchgemeinde<\/p>\n<h2>Angaben gem\u00e4\u00df \u00a7 5 TMG:<\/h2>\n<p>Ev.-Luth. Kirchgemeinde Altchemnitz-Harthau<br \/>\nAnnaberger Stra\u00dfe 249<br \/>\n09125 Chemnitz<\/p>\n<h2>Vertreten durch:<\/h2>\n<p>Kirchenvorstand der Ev.-Luth. Kirchgemeinde Altchemnitz-Harthau<\/p>\n<h2>Kontakt:<\/h2>\n<table>\n<tbody>\n<tr>\n<td>Telefon:<\/td>\n<td>0371 510015<\/td>\n<\/tr>\n<tr>\n<td>Telefax:<\/td>\n<td>0371 510015<\/td>\n<\/tr>\n<tr>\n<td>E-Mail:<\/td>\n<td>kg.altchemnitz-harthau (at) evlks.de<\/td>\n<\/tr>\n<\/tbody>\n<\/table>\n<p><!--\n\n\n<h2>Verantwortlich f\u00fcr den Inhalt nach \u00a7 55 Abs. 2 RStV:<\/h2>\n\n\nPfarrer Johannes Hofmann\n\nAnnaberger Stra\u00dfe 249\n\n09125 Chemnitz--><\/p>\n<h2>Haftungsausschluss (Disclaimer)<\/h2>\n<p><strong>Haftung f\u00fcr Inhalte<\/strong><\/p>\n<p>Als Diensteanbieter sind wir gem\u00e4\u00df \u00a7 7 Abs.1 TMG f\u00fcr eigene Inhalte auf diesen Seiten nach den allgemeinen Gesetzen verantwortlich. Nach \u00a7\u00a7 8 bis 10 TMG sind wir als Diensteanbieter jedoch nicht verpflichtet, \u00fcbermittelte oder gespeicherte fremde Informationen zu \u00fcberwachen oder nach Umst\u00e4nden zu forschen, die auf eine rechtswidrige T\u00e4tigkeit hinweisen. Verpflichtungen zur Entfernung oder Sperrung der Nutzung von Informationen nach den allgemeinen Gesetzen bleiben hiervon unber\u00fchrt. Eine diesbez\u00fcgliche Haftung ist jedoch erst ab dem Zeitpunkt der Kenntnis einer konkreten Rechtsverletzung m\u00f6glich. Bei Bekanntwerden von entsprechenden Rechtsverletzungen werden wir diese Inhalte umgehend entfernen.<\/p>\n<p><strong>Haftung f\u00fcr Links<\/strong><\/p>\n<p>Unser Angebot enth\u00e4lt Links zu externen Webseiten Dritter, auf deren Inhalte wir keinen Einfluss haben. Deshalb k\u00f6nnen wir f\u00fcr diese fremden Inhalte auch keine Gew\u00e4hr \u00fcbernehmen. F\u00fcr die Inhalte der verlinkten Seiten ist stets der jeweilige Anbieter oder Betreiber der Seiten verantwortlich. Die verlinkten Seiten wurden zum Zeitpunkt der Verlinkung auf m\u00f6gliche Rechtsverst\u00f6\u00dfe \u00fcberpr\u00fcft. Rechtswidrige Inhalte waren zum Zeitpunkt der Verlinkung nicht erkennbar. Eine permanente inhaltliche Kontrolle der verlinkten Seiten ist jedoch ohne konkrete Anhaltspunkte einer Rechtsverletzung nicht zumutbar. Bei Bekanntwerden von Rechtsverletzungen werden wir derartige Links umgehend entfernen.<\/p>\n<p><strong>Urheberrecht<\/strong><\/p>\n<p>Die durch die Seitenbetreiber erstellten Inhalte und Werke auf diesen Seiten unterliegen dem deutschen Urheberrecht. Die Vervielf\u00e4ltigung, Bearbeitung, Verbreitung und jede Art der Verwertung au\u00dferhalb der Grenzen des Urheberrechtes bed\u00fcrfen der schriftlichen Zustimmung des jeweiligen Autors bzw. Erstellers. Downloads und Kopien dieser Seite sind nur f\u00fcr den privaten, nicht kommerziellen Gebrauch gestattet. Soweit die Inhalte auf dieser Seite nicht vom Betreiber erstellt wurden, werden die Urheberrechte Dritter beachtet. Insbesondere werden Inhalte Dritter als solche gekennzeichnet. Sollten Sie trotzdem auf eine Urheberrechtsverletzung aufmerksam werden, bitten wir um einen entsprechenden Hinweis. Bei Bekanntwerden von Rechtsverletzungen werden wir derartige Inhalte umgehend entfernen.<\/p>\n","protected":false},"excerpt":{"rendered":"<p>Bildquellen Beitragsbild St. Michaelisfriedhof &#8211; Foto: Peter Straube Beitragsbild Gottesdienste &#8211; Foto: Katrin Meiler Beitragsbild St. Michaeliskirche &#8211; Foto: Peter Straube Header &#8211; Foto: Peter Straube alle \u00fcbrigen Fotos entstammen dem Archiv der Kirchgemeinde Angaben gem\u00e4\u00df \u00a7 5 TMG: Ev.-Luth. Kirchgemeinde Altchemnitz-Harthau Annaberger Stra\u00dfe 249 09125 Chemnitz Vertreten durch: Kirchenvorstand der Ev.-Luth. Kirchgemeinde Altchemnitz-Harthau Kontakt: &hellip; <a href=\"https:\/\/michaelis.kirchechemnitz.de\/wordpress\/impressum\/\" class=\"more-link\"><span class=\"screen-reader-text\">Impressum<\/span> weiterlesen<\/a><\/p>\n","protected":false},"author":3,"featured_media":0,"parent":0,"menu_order":9,"comment_status":"closed","ping_status":"closed","template":"","meta":{"footnotes":""},"class_list":["post-102","page","type-page","status-publish","hentry"],"_links":{"self":[{"href":"https:\/\/michaelis.kirchechemnitz.de\/wordpress\/wp-json\/wp\/v2\/pages\/102","targetHints":{"allow":["GET"]}}],"collection":[{"href":"https:\/\/michaelis.kirchechemnitz.de\/wordpress\/wp-json\/wp\/v2\/pages"}],"about":[{"href":"https:\/\/michaelis.kirchechemnitz.de\/wordpress\/wp-json\/wp\/v2\/types\/page"}],"author":[{"embeddable":true,"href":"https:\/\/michaelis.kirchechemnitz.de\/wordpress\/wp-json\/wp\/v2\/users\/3"}],"replies":[{"embeddable":true,"href":"https:\/\/michaelis.kirchechemnitz.de\/wordpress\/wp-json\/wp\/v2\/comments?post=102"}],"version-history":[{"count":16,"href":"https:\/\/michaelis.kirchechemnitz.de\/wordpress\/wp-json\/wp\/v2\/pages\/102\/revisions"}],"predecessor-version":[{"id":7854,"href":"https:\/\/michaelis.kirchechemnitz.de\/wordpress\/wp-json\/wp\/v2\/pages\/102\/revisions\/7854"}],"wp:attachment":[{"href":"https:\/\/michaelis.kirchechemnitz.de\/wordpress\/wp-json\/wp\/v2\/media?parent=102"}],"curies":[{"name":"wp","href":"https:\/\/api.w.org\/{rel}","templated":true}]}}