{"id":104,"date":"2016-06-12T22:25:09","date_gmt":"2016-06-12T20:25:09","guid":{"rendered":"http:\/\/michaelis.kirchechemnitz.de\/wordpress\/?page_id=104"},"modified":"2025-03-13T23:24:02","modified_gmt":"2025-03-13T22:24:02","slug":"datenschutz","status":"publish","type":"page","link":"https:\/\/michaelis.kirchechemnitz.de\/wordpress\/datenschutz\/","title":{"rendered":"Datenschutz"},"content":{"rendered":"<p class=\"p1\"><b>Namen und die Kontaktdaten der verantwortlichen Stelle<br \/>\n<\/b>Langbezeichnung (gem. ADAM): Ev.-Luth. Kirchgemeinde Altchemnitz-Harthau<br \/>\nLadungsf\u00e4hige Anschrift: Annaberger Stra\u00dfe 249, 09125 Chemnitz<br \/>\nTelefon, E-Mail: 0371 510015, kg.altchemnitz-harthau@evlks.de<\/p>\n<p><strong>Kontakt zum \u00f6rtlichen Datenschutzbeauftragten:<\/strong><br \/>\nZentrale Fachstelle Datenschutz<br \/>\nDatenschutzbeauftragter<br \/>\nBurgstr. 1-5, 04109 Leipzig<br \/>\nTelefon: 0351 4692 460, E-Mail: datenschutzbeauftragter@evlks.de<\/p>\n<p>Die Betreiber dieser Seiten nehmen den Schutz Ihrer pers\u00f6nlichen Daten sehr ernst. Wir behandeln Ihre personenbezogenen Daten vertraulich und entsprechend der gesetzlichen Datenschutzvorschriften sowie dieser Datenschutzerkl\u00e4rung.<\/p>\n<p>Die Nutzung unserer Webseite ist in der Regel ohne Angabe personenbezogener Daten m\u00f6glich. Soweit auf unseren Seiten personenbezogene Daten (beispielsweise Name, Anschrift oder E-Mail-Adressen) erhoben werden, erfolgt dies, soweit m\u00f6glich, stets auf freiwilliger Basis. Diese Daten werden ohne Ihre ausdr\u00fcckliche Zustimmung nicht an Dritte weitergegeben.<\/p>\n<p>Wir weisen darauf hin, dass die Daten\u00fcbertragung im Internet (z.B. bei der Kommunikation per E-Mail) Sicherheitsl\u00fccken aufweisen kann. Ein l\u00fcckenloser Schutz der Daten vor dem Zugriff durch Dritte ist nicht m\u00f6glich.<\/p>\n<p class=\"p1\">Sie haben das Recht, sich mit einer Beschwerde an die Aufsichtsbeh\u00f6rde zu wenden, wenn sie der Ansicht sind, bei der Verarbeitung ihrer personenbezogenen Daten in ihren Rechten verletzt worden zu sein. Die Kontaktdaten der zust\u00e4ndigen Aufsichtsbeh\u00f6rde sind: Beauftragter f\u00fcr den Datenschutz der EKD (BfD EKD), Invalidenstra\u00dfe 29, 10115 Berlin, Kontakt Au\u00dfenstelle Berlin f\u00fcr die Datenschutzregion Ost, Telefon: +49 (0)30 2005157-0, E-Mail: ost@datenschutz.ekd.de.<\/p>\n<p id=\"kontakt\"><strong>Kontaktformular<\/strong><\/p>\n<p>Personenbezogene Daten, die Sie uns \u00fcber bestimmte Felder sowie im Freitext eines Kontaktformulars auf dieser Website mitteilen (z. B. Ihr Name, Ihre E-Mail-Adresse oder Ihre Telefonnummer sowie Inhalte) werden nur f\u00fcr den Zweck verarbeitet, zu dem Sie uns die Daten zur Verf\u00fcgung gestellt haben. Das kann auch eine Antwort auf Ihre Kontaktaufnahme sein. Eine dar\u00fcber hinausgehende Nutzung erfolgt nicht, au\u00dfer diese wird von Ihnen ausdr\u00fccklich gew\u00fcnscht. Der Inhalt des Kontaktformulars wird verschl\u00fcsselt \u00fcbertragen.<\/p>\n<p><strong>Datenschutzerkl\u00e4rung f\u00fcr die Nutzung von Google Analytics<\/strong><\/p>\n<p>Diese Website nutzt Funktionen des\u00a0 Webanalysedienstes Google Analytics. Anbieter ist die Google Inc. 1600 Amphitheatre Parkway Mountain View, CA 94043, USA. Google Analytics verwendet sog. &#8222;Cookies&#8220;. Das sind Textdateien, die auf Ihrem Computer gespeichert werden und die eine Analyse der Benutzung der Website durch Sie erm\u00f6glichen. Die durch den Cookie erzeugten Informationen \u00fcber Ihre Benutzung dieser Website werden in der Regel an einen Server von Google in den USA \u00fcbertragen und dort gespeichert.<\/p>\n<p>Im Falle der Aktivierung der IP-Anonymisierung auf dieser Webseite wird Ihre IP-Adresse von Google jedoch innerhalb von Mitgliedstaaten der Europ\u00e4ischen Union oder in anderen Vertragsstaaten des Abkommens \u00fcber den Europ\u00e4ischen Wirtschaftsraum zuvor gek\u00fcrzt. Nur in Ausnahmef\u00e4llen wird die volle IP-Adresse an einen Server von Google in den USA \u00fcbertragen und dort gek\u00fcrzt. Im Auftrag des Betreibers dieser Website wird Google diese Informationen benutzen, um Ihre Nutzung der Website auszuwerten, um Reports \u00fcber die Websiteaktivit\u00e4ten zusammenzustellen und um weitere mit der Websitenutzung und der Internetnutzung verbundene Dienstleistungen gegen\u00fcber dem Websitebetreiber zu erbringen. Die im Rahmen von Google Analytics von Ihrem Browser \u00fcbermittelte IP-Adresse wird nicht mit anderen Daten von Google zusammengef\u00fchrt.<\/p>\n<p>Sie k\u00f6nnen die Speicherung der Cookies durch eine entsprechende Einstellung Ihrer Browser-Software verhindern; wir weisen Sie jedoch darauf hin, dass Sie in diesem Fall gegebenenfalls nicht s\u00e4mtliche Funktionen dieser Website vollumf\u00e4nglich werden nutzen k\u00f6nnen. Sie k\u00f6nnen dar\u00fcber hinaus die Erfassung der durch das Cookie erzeugten und auf Ihre Nutzung der Website bezogenen Daten (inkl. Ihrer IP-Adresse) an Google sowie die Verarbeitung dieser Daten durch Google verhindern, indem sie das unter dem folgenden Link verf\u00fcgbare Browser-Plugin herunterladen und installieren: <a href=\"http:\/\/tools.google.com\/dlpage\/gaoptout?hl=de\">http:\/\/tools.google.com\/dlpage\/gaoptout?hl=de<\/a><\/p>\n","protected":false},"excerpt":{"rendered":"<p>Namen und die Kontaktdaten der verantwortlichen Stelle Langbezeichnung (gem. ADAM): Ev.-Luth. Kirchgemeinde Altchemnitz-Harthau Ladungsf\u00e4hige Anschrift: Annaberger Stra\u00dfe 249, 09125 Chemnitz Telefon, E-Mail: 0371 510015, kg.altchemnitz-harthau@evlks.de Kontakt zum \u00f6rtlichen Datenschutzbeauftragten: Zentrale Fachstelle Datenschutz Datenschutzbeauftragter Burgstr. 1-5, 04109 Leipzig Telefon: 0351 4692 460, E-Mail: datenschutzbeauftragter@evlks.de Die Betreiber dieser Seiten nehmen den Schutz Ihrer pers\u00f6nlichen Daten sehr ernst. &hellip; <a href=\"https:\/\/michaelis.kirchechemnitz.de\/wordpress\/datenschutz\/\" class=\"more-link\"><span class=\"screen-reader-text\">Datenschutz<\/span> weiterlesen<\/a><\/p>\n","protected":false},"author":3,"featured_media":0,"parent":0,"menu_order":10,"comment_status":"closed","ping_status":"closed","template":"","meta":{"footnotes":""},"class_list":["post-104","page","type-page","status-publish","hentry"],"_links":{"self":[{"href":"https:\/\/michaelis.kirchechemnitz.de\/wordpress\/wp-json\/wp\/v2\/pages\/104","targetHints":{"allow":["GET"]}}],"collection":[{"href":"https:\/\/michaelis.kirchechemnitz.de\/wordpress\/wp-json\/wp\/v2\/pages"}],"about":[{"href":"https:\/\/michaelis.kirchechemnitz.de\/wordpress\/wp-json\/wp\/v2\/types\/page"}],"author":[{"embeddable":true,"href":"https:\/\/michaelis.kirchechemnitz.de\/wordpress\/wp-json\/wp\/v2\/users\/3"}],"replies":[{"embeddable":true,"href":"https:\/\/michaelis.kirchechemnitz.de\/wordpress\/wp-json\/wp\/v2\/comments?post=104"}],"version-history":[{"count":6,"href":"https:\/\/michaelis.kirchechemnitz.de\/wordpress\/wp-json\/wp\/v2\/pages\/104\/revisions"}],"predecessor-version":[{"id":7652,"href":"https:\/\/michaelis.kirchechemnitz.de\/wordpress\/wp-json\/wp\/v2\/pages\/104\/revisions\/7652"}],"wp:attachment":[{"href":"https:\/\/michaelis.kirchechemnitz.de\/wordpress\/wp-json\/wp\/v2\/media?parent=104"}],"curies":[{"name":"wp","href":"https:\/\/api.w.org\/{rel}","templated":true}]}}