{"id":26,"date":"2016-05-19T14:23:32","date_gmt":"2016-05-19T12:23:32","guid":{"rendered":"http:\/\/michaelis.kirchechemnitz.de\/wordpress\/?page_id=26"},"modified":"2025-11-05T17:58:06","modified_gmt":"2025-11-05T16:58:06","slug":"friedhof-altchemnitz","status":"publish","type":"page","link":"https:\/\/michaelis.kirchechemnitz.de\/wordpress\/friedhoefe\/friedhof-altchemnitz\/","title":{"rendered":"St. Michaelisfriedhof Altchemnitz"},"content":{"rendered":"<p>Im S\u00fcden von Chemnitz, an der Einm\u00fcndung in die Annaberger Stra\u00dfe, gr\u00fc\u00dft der rote Turm der St. Michaeliskirche die Vorbeikommenden. Unmittelbar hinter der Kirche liegt der Friedhof. Er wurde 1878 angelegt und l\u00f6ste den Friedhof schr\u00e4g \u00fcber die Annaberger Stra\u00dfe auf dem heutigen Gel\u00e4nde der Altchemnitzer Schule ab. Nach mehrmaligen Erweiterungen bis 1894 gelangte er zu der heutigen Grundfl\u00e4che von 2 ha.<\/p>\n<p>Als roter Backsteinbau wurde 1912 die denkmalgesch\u00fctzte Friedhofskapelle errichtet und 1992 bis 1994 saniert. \u00dcber dem Hauptportal steht der in Stein gehauene Bibelspruch: \u201cIch bin die Auferstehung und das Leben\u201d. Der Friedhof hat einen reichen Bestand an B\u00e4umen, die zum Teil \u00fcber 100 Jahre alt sind, an Str\u00e4uchern und Hecken sowie eine der letzten gr\u00f6\u00dferen Ulmen-Alleen in unserer Stadt. Die ebenen Wege sind mit Ruheb\u00e4nken versehen. Somit ist der Michaelisfriedhof ein bedeutendes St\u00fcck \u201cGr\u00fcne Lunge\u201d im Stadtteil Altchemnitz.<\/p>\n<p>Es werden alle M\u00f6glichkeiten zur Durchf\u00fchrung von Trauerfeiern und Bestattungen von S\u00e4rgen und Urnen geboten. Das Friedhofspersonal f\u00fchrt auf Wunsch Grabpflege durch.<\/p>\n<h2>Friedhofsgeb\u00fchren<\/h2>\n<p>Die Preise sind von der Art der Trauerfeier und der Bestattung abh\u00e4ngig und betragen ca.<\/p>\n<table style=\"width: 100%; height: 154px;\">\n<tbody>\n<tr style=\"height: 22px;\">\n<td style=\"width: 80%; height: 22px;\">f\u00fcr eine Erdbestattung im Einzelgrab<\/td>\n<td style=\"width: 20%; height: 22px;\">1.940,00 \u20ac<\/td>\n<\/tr>\n<tr style=\"height: 22px;\">\n<td style=\"width: 80%; height: 22px;\">f\u00fcr eine Erdbestattung im Doppelgrab<\/td>\n<td style=\"width: 20%; height: 22px;\">3.050,00 \u20ac<\/td>\n<\/tr>\n<tr style=\"height: 44px;\">\n<td style=\"height: 44px;\">f\u00fcr eine Erdbestattung in einer Gemeinschaftsreihe (mit Grabstein und Grabpflege f\u00fcr 20 Jahre)<\/td>\n<td style=\"height: 44px;\">6.796,56 \u20ac<\/td>\n<\/tr>\n<tr style=\"height: 22px;\">\n<td style=\"height: 22px;\">f\u00fcr eine Urnenfeier mit Beisetzung in einem Grab f\u00fcr 2 Urnen<\/td>\n<td style=\"height: 22px;\">1.670,00 \u20ac<\/td>\n<\/tr>\n<tr style=\"height: 44px;\">\n<td style=\"height: 44px;\">f\u00fcr eine Urnenfeier mit Beisetzung in einem Gemeinschaftsgrab (mit Grabmalbeschriftung und Grabpflege f\u00fcr 20 Jahre)<\/td>\n<td style=\"height: 44px;\">4.264,33 \u20ac<\/td>\n<\/tr>\n<\/tbody>\n<\/table>\n<p>Die Geb\u00fchren sind in der aktuell g\u00fcltigen Friefhofsgeb\u00fchrenordnung vom 16.05.2025 geregelt (<a href=\"https:\/\/engagiert.evlks.de\/Friedhofsordnungen\/2025\/2025-11-04\/34021-2025-252.pdf\">Friedhofsgeb\u00fchrenordnung<\/a> i. V. m. <a href=\"https:\/\/engagiert.evlks.de\/Friedhofsordnungen\/2025\/2025-11-04\/34021-2025-251.pdf\">1. Nachtrag zur Friedhofsgeb\u00fchrenordnung<\/a>). Bei Fragen wenden Sie sich gern an die Friedhofsverwaltung.<\/p>\n<p>Das Friedhofspersonal f\u00fchrt auf Wunsch Grabpflege durch. Gern ber\u00e4t sie dazu unser Friedhofsmeister B. Ludwigkeit (<a href=\"\/wordpress\/pfarramt\">Kontakt via Kanzlei<\/a>).<\/p>\n<p><span style=\"font-size: 0.7em; font-weight: lighter; font-style: italic; color: #999999;\">Foto: Elke Flemming<\/span><\/p>\n","protected":false},"excerpt":{"rendered":"<p>Im S\u00fcden von Chemnitz, an der Einm\u00fcndung in die Annaberger Stra\u00dfe, gr\u00fc\u00dft der rote Turm der St. Michaeliskirche die Vorbeikommenden. Unmittelbar hinter der Kirche liegt der Friedhof. Er wurde 1878 angelegt und l\u00f6ste den Friedhof schr\u00e4g \u00fcber die Annaberger Stra\u00dfe auf dem heutigen Gel\u00e4nde der Altchemnitzer Schule ab. Nach mehrmaligen Erweiterungen bis 1894 gelangte er &hellip; <a href=\"https:\/\/michaelis.kirchechemnitz.de\/wordpress\/friedhoefe\/friedhof-altchemnitz\/\" class=\"more-link\"><span class=\"screen-reader-text\">St. Michaelisfriedhof Altchemnitz<\/span> weiterlesen<\/a><\/p>\n","protected":false},"author":3,"featured_media":61,"parent":316,"menu_order":3,"comment_status":"closed","ping_status":"closed","template":"","meta":{"footnotes":""},"class_list":["post-26","page","type-page","status-publish","has-post-thumbnail","hentry"],"_links":{"self":[{"href":"https:\/\/michaelis.kirchechemnitz.de\/wordpress\/wp-json\/wp\/v2\/pages\/26","targetHints":{"allow":["GET"]}}],"collection":[{"href":"https:\/\/michaelis.kirchechemnitz.de\/wordpress\/wp-json\/wp\/v2\/pages"}],"about":[{"href":"https:\/\/michaelis.kirchechemnitz.de\/wordpress\/wp-json\/wp\/v2\/types\/page"}],"author":[{"embeddable":true,"href":"https:\/\/michaelis.kirchechemnitz.de\/wordpress\/wp-json\/wp\/v2\/users\/3"}],"replies":[{"embeddable":true,"href":"https:\/\/michaelis.kirchechemnitz.de\/wordpress\/wp-json\/wp\/v2\/comments?post=26"}],"version-history":[{"count":17,"href":"https:\/\/michaelis.kirchechemnitz.de\/wordpress\/wp-json\/wp\/v2\/pages\/26\/revisions"}],"predecessor-version":[{"id":7765,"href":"https:\/\/michaelis.kirchechemnitz.de\/wordpress\/wp-json\/wp\/v2\/pages\/26\/revisions\/7765"}],"up":[{"embeddable":true,"href":"https:\/\/michaelis.kirchechemnitz.de\/wordpress\/wp-json\/wp\/v2\/pages\/316"}],"wp:featuredmedia":[{"embeddable":true,"href":"https:\/\/michaelis.kirchechemnitz.de\/wordpress\/wp-json\/wp\/v2\/media\/61"}],"wp:attachment":[{"href":"https:\/\/michaelis.kirchechemnitz.de\/wordpress\/wp-json\/wp\/v2\/media?parent=26"}],"curies":[{"name":"wp","href":"https:\/\/api.w.org\/{rel}","templated":true}]}}