{"id":6769,"date":"2021-04-25T22:04:38","date_gmt":"2021-04-25T20:04:38","guid":{"rendered":"https:\/\/michaelis.kirchechemnitz.de\/wordpress\/?page_id=6769"},"modified":"2021-04-25T22:04:39","modified_gmt":"2021-04-25T20:04:39","slug":"lutherkirche-harthau","status":"publish","type":"page","link":"https:\/\/michaelis.kirchechemnitz.de\/wordpress\/kirchgebaeude\/lutherkirche-harthau\/","title":{"rendered":"Lutherkirche Harthau"},"content":{"rendered":"\n<p>Obwohl Ende des 19. Jh. Eibenberg und Berbisdorf eigene Friedh\u00f6fe und 1901 bzw. 1905 eigene Kirchen erhielten, reichten die alte Harthauer Dorfkirche und vor allem der angrenzende Friedhof f\u00fcr den st\u00e4ndig wachsenden Industrieort nicht mehr aus. So wurde ein andere s Grundst\u00fcck gekauft \u2013 jetzt mitten im Ort, der sich vor allem nach Norden ausgedehnt hatte. 1904 wurde der neue Friedhof eingeweiht und daneben 1906-08 nach Entw\u00fcrfen von Architekt Paul Lange aus Leipzig eine sch\u00f6ne, gro\u00dfe Kirche mit vielen Jugendstilelementen errichtet. <\/p>\n\n\n\n<p>Doch nach dem 2. Weltkrieg waren kaum Mittel und M\u00f6glichkeiten f\u00fcr die Erhaltung vorhanden, zumal sich durch Brandbomben L\u00f6cher in Dach und Kuppel befanden und die Fenster stark besch\u00e4digt waren. Mehrmals wurde notd\u00fcrftig repariert, aber das Geb\u00e4ude verfiel zusehends. In den 1960er Jahren sah es aus, als ob die Kirche f\u00fcr die kleiner gewordene Gemeinde nicht mehr zu halten war. Stilllegung dieser und Restaurierung der Alten Kirche wurden ins Auge gefasst. Aber was sollte aus der Lutherkirche werden? 1979 beschloss der Kirchenvorstand nach langen, schwierigen \u00dcberlegungen und Verhandlungen doch die Restaurierung der Lutherkirche. <\/p>\n\n\n\n<figure class=\"wp-block-image size-large\"><img loading=\"lazy\" decoding=\"async\" width=\"693\" height=\"520\" src=\"https:\/\/michaelis.kirchechemnitz.de\/wordpress\/wp-content\/uploads\/2021\/04\/Luki_innen.jpeg\" alt=\"\" class=\"wp-image-6775\" srcset=\"https:\/\/michaelis.kirchechemnitz.de\/wordpress\/wp-content\/uploads\/2021\/04\/Luki_innen.jpeg 693w, https:\/\/michaelis.kirchechemnitz.de\/wordpress\/wp-content\/uploads\/2021\/04\/Luki_innen-300x225.jpeg 300w, https:\/\/michaelis.kirchechemnitz.de\/wordpress\/wp-content\/uploads\/2021\/04\/Luki_innen-150x113.jpeg 150w\" sizes=\"auto, (max-width: 693px) 100vw, 693px\" \/><\/figure>\n\n\n\n<p>1980 begannen die Au\u00dferarbeiten. Helfer aus der Kirchgemeinde trugen \u00fcber 12.000 unbezahlte Arbeitsstunden zur Restaurierung bei, dazu geh\u00f6rte auch viele Sommer lang das Neuverfugen der Verblendziegel in Handarbeit. 1987\/88 wurde der Innenraum restauriert. Mit einem Festgottesdienst am 11.09.1988 und einer Festwoche feierte die Kirchgemeinde mit vielen G\u00e4sten die Wiedereinweihung ihrer Kirche. In den Folgejahren wurden Fenster, Orgel und Treppenanlagen restauriert.<\/p>\n\n\n\n<p>Der Altar ist aus Sandstein gefertigt. 1986 kam der Altaraufsatz aus Magdeborn bei Leipzig, das dem Braunkohleabbau weichen musste, hierher. Das Gem\u00e4lde erinnert an die Himmelfahrt Jesu. Bis dahin stand die Christusfigur auf dem Altar (jetzt links im Altarraum), sie war 1909 ein Geschenk der Akademie der Bildenden K\u00fcnste Dresden gewesen. Die Kanzel fertigte Steinmetz Paul Richter aus Altchemnitz, das Relief \u201eJesus bei Maria und Martha\u201c der Bildhauer Walter Zickmantel aus Leipzig. Die dunklen S\u00e4ulen bestehen aus norwegischem Labradorstein. Die Holzarbeiten f\u00fchrten \u00f6rtliche Tischlereien aus. Der Taufstein stammt wie die \u00e4u\u00dferen Verblendziegel aus der Kunstziegel- und Tonwarenfabrik Nieder-Ullersdorf \/Lausitz.<\/p>\n\n\n\n<div class=\"wp-block-columns is-layout-flex wp-container-core-columns-is-layout-9d6595d7 wp-block-columns-is-layout-flex\">\n<div class=\"wp-block-column is-layout-flow wp-block-column-is-layout-flow\">\n<p>Die Orgel\u00a0mit romantischem Klang\u00a0wurde 1908 von der Fa. Jehmlich aus Dresden erbaut und hat 2188 Pfeifen, 36 Stimmen, 2 Manuale und Pedal.<\/p>\n<\/div>\n\n\n\n<div class=\"wp-block-column is-layout-flow wp-block-column-is-layout-flow\">\n<figure class=\"wp-block-image size-large\"><img loading=\"lazy\" decoding=\"async\" width=\"515\" height=\"360\" src=\"https:\/\/michaelis.kirchechemnitz.de\/wordpress\/wp-content\/uploads\/2021\/04\/Luki_Orgel.jpeg\" alt=\"\" class=\"wp-image-6776\" srcset=\"https:\/\/michaelis.kirchechemnitz.de\/wordpress\/wp-content\/uploads\/2021\/04\/Luki_Orgel.jpeg 515w, https:\/\/michaelis.kirchechemnitz.de\/wordpress\/wp-content\/uploads\/2021\/04\/Luki_Orgel-300x210.jpeg 300w, https:\/\/michaelis.kirchechemnitz.de\/wordpress\/wp-content\/uploads\/2021\/04\/Luki_Orgel-150x105.jpeg 150w\" sizes=\"auto, (max-width: 515px) 100vw, 515px\" \/><\/figure>\n<\/div>\n<\/div>\n\n\n\n<div class=\"wp-block-columns is-layout-flex wp-container-core-columns-is-layout-9d6595d7 wp-block-columns-is-layout-flex\">\n<div class=\"wp-block-column is-layout-flow wp-block-column-is-layout-flow\">\n<figure class=\"wp-block-image size-large\"><img loading=\"lazy\" decoding=\"async\" width=\"555\" height=\"767\" src=\"https:\/\/michaelis.kirchechemnitz.de\/wordpress\/wp-content\/uploads\/2021\/04\/Luki_Fenster.jpeg\" alt=\"\" class=\"wp-image-6773\" srcset=\"https:\/\/michaelis.kirchechemnitz.de\/wordpress\/wp-content\/uploads\/2021\/04\/Luki_Fenster.jpeg 555w, https:\/\/michaelis.kirchechemnitz.de\/wordpress\/wp-content\/uploads\/2021\/04\/Luki_Fenster-217x300.jpeg 217w, https:\/\/michaelis.kirchechemnitz.de\/wordpress\/wp-content\/uploads\/2021\/04\/Luki_Fenster-109x150.jpeg 109w\" sizes=\"auto, (max-width: 555px) 100vw, 555px\" \/><\/figure>\n<\/div>\n\n\n\n<div class=\"wp-block-column is-layout-flow wp-block-column-is-layout-flow\">\n<p>Die Fenster, Glasgem\u00e4lde aus der Werkstatt Schlein in Zittau, zeigen bzw. zeigten auf der linken Empore \u201eLuther beim Thesenanschlag\u201c und \u201eLuther als Bibel\u00fcbersetzer\u201c, rechts oben waren bis 1945 \u201eLuther auf dem Reichstag zu Worms\u201c und \u201eLuther als Hausvater mit der Laute im Kreis der Familie\u201c zu sehen.<\/p>\n<\/div>\n<\/div>\n\n\n\n<div class=\"wp-block-columns is-layout-flex wp-container-core-columns-is-layout-9d6595d7 wp-block-columns-is-layout-flex\">\n<div class=\"wp-block-column is-layout-flow wp-block-column-is-layout-flow\">\n<p>Im 62 m hohen Turm befanden sich vier Glocken, von denen die drei gro\u00dfen 1942 f\u00fcr Kriegszwecke abgegeben werden mussten. Erst 1989\/90 konnte das Gel\u00e4ut durch zwei Glocken wieder erg\u00e4nzt werden.<\/p>\n<\/div>\n\n\n\n<div class=\"wp-block-column is-layout-flow wp-block-column-is-layout-flow\">\n<figure class=\"wp-block-image size-large\"><img loading=\"lazy\" decoding=\"async\" width=\"233\" height=\"312\" src=\"https:\/\/michaelis.kirchechemnitz.de\/wordpress\/wp-content\/uploads\/2021\/04\/Luki_Glocke.jpeg\" alt=\"\" class=\"wp-image-6774\" srcset=\"https:\/\/michaelis.kirchechemnitz.de\/wordpress\/wp-content\/uploads\/2021\/04\/Luki_Glocke.jpeg 233w, https:\/\/michaelis.kirchechemnitz.de\/wordpress\/wp-content\/uploads\/2021\/04\/Luki_Glocke-224x300.jpeg 224w, https:\/\/michaelis.kirchechemnitz.de\/wordpress\/wp-content\/uploads\/2021\/04\/Luki_Glocke-112x150.jpeg 112w\" sizes=\"auto, (max-width: 233px) 100vw, 233px\" \/><\/figure>\n<\/div>\n<\/div>\n\n\n\n<p><\/p>\n","protected":false},"excerpt":{"rendered":"<p>Obwohl Ende des 19. Jh. Eibenberg und Berbisdorf eigene Friedh\u00f6fe und 1901 bzw. 1905 eigene Kirchen erhielten, reichten die alte Harthauer Dorfkirche und vor allem der angrenzende Friedhof f\u00fcr den st\u00e4ndig wachsenden Industrieort nicht mehr aus. So wurde ein andere s Grundst\u00fcck gekauft \u2013 jetzt mitten im Ort, der sich vor allem nach Norden ausgedehnt &hellip; <a href=\"https:\/\/michaelis.kirchechemnitz.de\/wordpress\/kirchgebaeude\/lutherkirche-harthau\/\" class=\"more-link\"><span class=\"screen-reader-text\">Lutherkirche Harthau<\/span> weiterlesen<\/a><\/p>\n","protected":false},"author":1,"featured_media":6772,"parent":319,"menu_order":2,"comment_status":"closed","ping_status":"closed","template":"","meta":{"footnotes":""},"class_list":["post-6769","page","type-page","status-publish","has-post-thumbnail","hentry"],"_links":{"self":[{"href":"https:\/\/michaelis.kirchechemnitz.de\/wordpress\/wp-json\/wp\/v2\/pages\/6769","targetHints":{"allow":["GET"]}}],"collection":[{"href":"https:\/\/michaelis.kirchechemnitz.de\/wordpress\/wp-json\/wp\/v2\/pages"}],"about":[{"href":"https:\/\/michaelis.kirchechemnitz.de\/wordpress\/wp-json\/wp\/v2\/types\/page"}],"author":[{"embeddable":true,"href":"https:\/\/michaelis.kirchechemnitz.de\/wordpress\/wp-json\/wp\/v2\/users\/1"}],"replies":[{"embeddable":true,"href":"https:\/\/michaelis.kirchechemnitz.de\/wordpress\/wp-json\/wp\/v2\/comments?post=6769"}],"version-history":[{"count":3,"href":"https:\/\/michaelis.kirchechemnitz.de\/wordpress\/wp-json\/wp\/v2\/pages\/6769\/revisions"}],"predecessor-version":[{"id":6797,"href":"https:\/\/michaelis.kirchechemnitz.de\/wordpress\/wp-json\/wp\/v2\/pages\/6769\/revisions\/6797"}],"up":[{"embeddable":true,"href":"https:\/\/michaelis.kirchechemnitz.de\/wordpress\/wp-json\/wp\/v2\/pages\/319"}],"wp:featuredmedia":[{"embeddable":true,"href":"https:\/\/michaelis.kirchechemnitz.de\/wordpress\/wp-json\/wp\/v2\/media\/6772"}],"wp:attachment":[{"href":"https:\/\/michaelis.kirchechemnitz.de\/wordpress\/wp-json\/wp\/v2\/media?parent=6769"}],"curies":[{"name":"wp","href":"https:\/\/api.w.org\/{rel}","templated":true}]}}