{"id":6808,"date":"2021-04-25T22:28:58","date_gmt":"2021-04-25T20:28:58","guid":{"rendered":"https:\/\/michaelis.kirchechemnitz.de\/wordpress\/?page_id=6808"},"modified":"2026-04-14T19:31:54","modified_gmt":"2026-04-14T17:31:54","slug":"kjt-zur-alten-wanne-harthau","status":"publish","type":"page","link":"https:\/\/michaelis.kirchechemnitz.de\/wordpress\/kjt-zur-alten-wanne-harthau\/","title":{"rendered":"Kinder- und Jugendtreff \u201eZur Alten Wanne\u201c Harthau"},"content":{"rendered":"\n<h2 class=\"wp-block-heading\">Aktuelles\/Veranstaltungen<\/h2>\n\n\n\n<p>Entnehmen Sie bitte aus dem Gemeindebrief bzw. den Aush\u00e4ngen am Jugendclub.<\/p>\n\n\n\n<h2 class=\"wp-block-heading\">\u00d6ffnungszeiten<\/h2>\n\n\n\n<p>Entnehmen Sie bitte aus dem Gemeindebrief und den aktuellen Aush\u00e4ngen im Schaukasten bzw. an der Eingangst\u00fcr des KJT.<\/p>\n\n\n\n<h2 class=\"wp-block-heading\">Geschichte<\/h2>\n\n\n\n<p>Das \u201eWannen- und Brausebad\u201c im Keller der gro\u00dfen Harthauer Schule stand 1923-93 allen B\u00fcrgern offen, die hier (in der DDR-Zeit f\u00fcr 60 oder 40 Pfennige) meist einmal w\u00f6chentlich zur K\u00f6rperpflege gingen, weil sie zu Hause kein Bad und keine Dusche besa\u00dfen. Da nach 1990 viele Wohnungen modernisiert werden konnten, wurde diese Einrichtung \u00fcberfl\u00fcssig. Schulleitung und Kirchgemeinde erschien es immer wichtiger, einen au\u00dferschulischen Anlaufpunkt f\u00fcr Kinder und Jugendliche zu schaffen, wo sie Freizeit gemeinsam, sinnvoll, in einem gesch\u00fctzten Rahmen und unter p\u00e4dagogischer Anleitung verbringen k\u00f6nnen.<\/p>\n\n\n\n<p>So entstand in Tr\u00e4gerschaft der Harthauer Kirchgemeinde ein Kinder- und Jugendtreff, der im Namen noch an die urspr\u00fcngliche Nutzung der R\u00e4ume erinnert. Von 1996 bis 2017 befand sich die Einrichtung dort.&nbsp;<\/p>\n\n\n\n<figure class=\"wp-block-image size-large\"><img loading=\"lazy\" decoding=\"async\" width=\"1280\" height=\"960\" src=\"https:\/\/michaelis.kirchechemnitz.de\/wordpress\/wp-content\/uploads\/2021\/04\/KJT-1280x960.jpg\" alt=\"Kleine Schule Harthau. Im Erdgeschoss sind die R\u00e4ume des KJT.\" class=\"wp-image-6799\" title=\"Kleine Schule Harthau in dem der KJT seine R\u00e4ume hat.\" srcset=\"https:\/\/michaelis.kirchechemnitz.de\/wordpress\/wp-content\/uploads\/2021\/04\/KJT-1280x960.jpg 1280w, https:\/\/michaelis.kirchechemnitz.de\/wordpress\/wp-content\/uploads\/2021\/04\/KJT-300x225.jpg 300w, https:\/\/michaelis.kirchechemnitz.de\/wordpress\/wp-content\/uploads\/2021\/04\/KJT-150x113.jpg 150w, https:\/\/michaelis.kirchechemnitz.de\/wordpress\/wp-content\/uploads\/2021\/04\/KJT-768x576.jpg 768w, https:\/\/michaelis.kirchechemnitz.de\/wordpress\/wp-content\/uploads\/2021\/04\/KJT-1536x1152.jpg 1536w, https:\/\/michaelis.kirchechemnitz.de\/wordpress\/wp-content\/uploads\/2021\/04\/KJT.jpg 2000w\" sizes=\"auto, (max-width: 1280px) 100vw, 1280px\" \/><\/figure>\n\n\n\n<p><\/p>\n\n\n\n<p>Nachdem der Keller der Schule 2002 und 2010 sehr vom Hochwasser betroffen war, musste er leerger\u00e4umt werden. So erhielt der \u201eClub\u201c, wie er umgangssprachlich hei\u00dft, im Zuge der Sanierung der Kleinen Schule dort im Erdgeschoss&nbsp;&nbsp;rechts zwei gro\u00dfe, helle R\u00e4ume, dazu einen modernen Sanit\u00e4rbereich.<\/p>\n\n\n\n<p>Die Einrichtung wird gr\u00f6\u00dftenteils von der Stadt Chemnitz finanziert. Die Kirchgemeinde als Tr\u00e4ger muss jedoch einen j\u00e4hrlichen Eigenanteil aufbringen, wof\u00fcr sie Unterst\u00fctzung von der Ev.-Luth. Landeskirche Sachsen erh\u00e4lt, aber auch sehr auf Spenden angewiesen ist.<\/p>\n\n\n\n<h2 class=\"wp-block-heading\">F\u00f6rderung<\/h2>\n\n\n\n<p>Die Umsetzung des KJT wird wesentlich getragen \u00fcber die F\u00f6rderung der freien Jugendhilfe, sozialer und sozialmedizinischer Dienste \u201eFachf\u00f6rderrichtlinie Jugend, Soziales, Gesundheit &#8211; FRL-JSG\u201c der Stadt Chemnitz<\/p>\n\n\n\n<figure class=\"wp-block-image size-large\"><img loading=\"lazy\" decoding=\"async\" width=\"1280\" height=\"440\" src=\"https:\/\/michaelis.kirchechemnitz.de\/wordpress\/wp-content\/uploads\/2026\/04\/C_Logo_RGB-1280x440.png\" alt=\"\" class=\"wp-image-7876\" srcset=\"https:\/\/michaelis.kirchechemnitz.de\/wordpress\/wp-content\/uploads\/2026\/04\/C_Logo_RGB-1280x440.png 1280w, https:\/\/michaelis.kirchechemnitz.de\/wordpress\/wp-content\/uploads\/2026\/04\/C_Logo_RGB-300x103.png 300w, https:\/\/michaelis.kirchechemnitz.de\/wordpress\/wp-content\/uploads\/2026\/04\/C_Logo_RGB-150x52.png 150w, https:\/\/michaelis.kirchechemnitz.de\/wordpress\/wp-content\/uploads\/2026\/04\/C_Logo_RGB-768x264.png 768w, https:\/\/michaelis.kirchechemnitz.de\/wordpress\/wp-content\/uploads\/2026\/04\/C_Logo_RGB-1536x529.png 1536w, https:\/\/michaelis.kirchechemnitz.de\/wordpress\/wp-content\/uploads\/2026\/04\/C_Logo_RGB-2048x705.png 2048w\" sizes=\"auto, (max-width: 1280px) 100vw, 1280px\" \/><\/figure>\n\n\n\n<figure class=\"wp-block-gallery has-nested-images columns-default is-cropped wp-block-gallery-1 is-layout-flex wp-block-gallery-is-layout-flex\"><\/figure>\n","protected":false},"excerpt":{"rendered":"<p>Aktuelles\/Veranstaltungen Entnehmen Sie bitte aus dem Gemeindebrief bzw. den Aush\u00e4ngen am Jugendclub. \u00d6ffnungszeiten Entnehmen Sie bitte aus dem Gemeindebrief und den aktuellen Aush\u00e4ngen im Schaukasten bzw. an der Eingangst\u00fcr des KJT. Geschichte Das \u201eWannen- und Brausebad\u201c im Keller der gro\u00dfen Harthauer Schule stand 1923-93 allen B\u00fcrgern offen, die hier (in der DDR-Zeit f\u00fcr 60 oder &hellip; <a href=\"https:\/\/michaelis.kirchechemnitz.de\/wordpress\/kjt-zur-alten-wanne-harthau\/\" class=\"more-link\"><span class=\"screen-reader-text\">Kinder- und Jugendtreff \u201eZur Alten Wanne\u201c Harthau<\/span> weiterlesen<\/a><\/p>\n","protected":false},"author":5,"featured_media":6809,"parent":0,"menu_order":0,"comment_status":"closed","ping_status":"closed","template":"","meta":{"footnotes":""},"class_list":["post-6808","page","type-page","status-publish","has-post-thumbnail","hentry"],"_links":{"self":[{"href":"https:\/\/michaelis.kirchechemnitz.de\/wordpress\/wp-json\/wp\/v2\/pages\/6808","targetHints":{"allow":["GET"]}}],"collection":[{"href":"https:\/\/michaelis.kirchechemnitz.de\/wordpress\/wp-json\/wp\/v2\/pages"}],"about":[{"href":"https:\/\/michaelis.kirchechemnitz.de\/wordpress\/wp-json\/wp\/v2\/types\/page"}],"author":[{"embeddable":true,"href":"https:\/\/michaelis.kirchechemnitz.de\/wordpress\/wp-json\/wp\/v2\/users\/5"}],"replies":[{"embeddable":true,"href":"https:\/\/michaelis.kirchechemnitz.de\/wordpress\/wp-json\/wp\/v2\/comments?post=6808"}],"version-history":[{"count":17,"href":"https:\/\/michaelis.kirchechemnitz.de\/wordpress\/wp-json\/wp\/v2\/pages\/6808\/revisions"}],"predecessor-version":[{"id":7878,"href":"https:\/\/michaelis.kirchechemnitz.de\/wordpress\/wp-json\/wp\/v2\/pages\/6808\/revisions\/7878"}],"wp:featuredmedia":[{"embeddable":true,"href":"https:\/\/michaelis.kirchechemnitz.de\/wordpress\/wp-json\/wp\/v2\/media\/6809"}],"wp:attachment":[{"href":"https:\/\/michaelis.kirchechemnitz.de\/wordpress\/wp-json\/wp\/v2\/media?parent=6808"}],"curies":[{"name":"wp","href":"https:\/\/api.w.org\/{rel}","templated":true}]}}