{"id":7061,"date":"2021-08-10T19:10:44","date_gmt":"2021-08-10T17:10:44","guid":{"rendered":"https:\/\/michaelis.kirchechemnitz.de\/wordpress\/?page_id=7061"},"modified":"2026-02-03T12:20:48","modified_gmt":"2026-02-03T11:20:48","slug":"aus-dem-gemeindebrief","status":"publish","type":"page","link":"https:\/\/michaelis.kirchechemnitz.de\/wordpress\/gemeinde\/aus-dem-gemeindebrief\/","title":{"rendered":"Gemeindebrief"},"content":{"rendered":"\n<p>Sie m\u00f6chten den Gemeindebrief k\u00fcnftig per E-Mail erhalten? F\u00fcllen Sie bitte folgendes Formular aus.<\/p>\n\n<div class=\"wpcf7 no-js\" id=\"wpcf7-f7354-o1\" lang=\"de-DE\" dir=\"ltr\" data-wpcf7-id=\"7354\">\n<div class=\"screen-reader-response\"><p role=\"status\" aria-live=\"polite\" aria-atomic=\"true\"><\/p> <ul><\/ul><\/div>\n<form action=\"\/wordpress\/wp-json\/wp\/v2\/pages\/7061#wpcf7-f7354-o1\" method=\"post\" class=\"wpcf7-form init\" aria-label=\"Kontaktformular\" novalidate=\"novalidate\" data-status=\"init\">\n<fieldset class=\"hidden-fields-container\"><input type=\"hidden\" name=\"_wpcf7\" value=\"7354\" \/><input type=\"hidden\" name=\"_wpcf7_version\" value=\"6.1.5\" \/><input type=\"hidden\" name=\"_wpcf7_locale\" value=\"de_DE\" \/><input type=\"hidden\" name=\"_wpcf7_unit_tag\" value=\"wpcf7-f7354-o1\" \/><input type=\"hidden\" name=\"_wpcf7_container_post\" value=\"0\" \/><input type=\"hidden\" name=\"_wpcf7_posted_data_hash\" value=\"\" \/><input type=\"hidden\" name=\"_wpcf7_recaptcha_response\" value=\"\" \/>\n<\/fieldset>\n<p><label> Name (Pflichtfeld)<br \/>\n<span class=\"wpcf7-form-control-wrap\" data-name=\"your-name\"><input size=\"40\" maxlength=\"400\" class=\"wpcf7-form-control wpcf7-text wpcf7-validates-as-required\" aria-required=\"true\" aria-invalid=\"false\" value=\"\" type=\"text\" name=\"your-name\" \/><\/span> <\/label>\n<\/p>\n<p><label> E-Mail-Adresse (Pflichtfeld)<br \/>\n<span class=\"wpcf7-form-control-wrap\" data-name=\"your-email\"><input size=\"40\" maxlength=\"400\" class=\"wpcf7-form-control wpcf7-email wpcf7-validates-as-required wpcf7-text wpcf7-validates-as-email\" aria-required=\"true\" aria-invalid=\"false\" value=\"\" type=\"email\" name=\"your-email\" \/><\/span> <\/label>\n<\/p>\n<p><span class=\"wpcf7-form-control-wrap\" data-name=\"gemeindebrief\"><span class=\"wpcf7-form-control wpcf7-acceptance\"><span class=\"wpcf7-list-item\"><label><input type=\"checkbox\" name=\"gemeindebrief\" value=\"1\" aria-invalid=\"false\" \/><span class=\"wpcf7-list-item-label\">Ich m\u00f6chte das Gemeindeblatt per E-Mail erhalten.<\/span><\/label><\/span><\/span><\/span>\n<\/p>\n<p><span class=\"wpcf7-form-control-wrap\" data-name=\"accept-this-1\"><span class=\"wpcf7-form-control wpcf7-acceptance\"><span class=\"wpcf7-list-item\"><label><input type=\"checkbox\" name=\"accept-this-1\" value=\"1\" aria-invalid=\"false\" \/><span class=\"wpcf7-list-item-label\">Ich stimme den <a href=\"\/datenschutz\/\">Datenschutzbestimmungen<\/a> zu.<\/span><\/label><\/span><\/span><\/span>\n<\/p>\n<p><input class=\"wpcf7-form-control wpcf7-submit has-spinner\" type=\"submit\" value=\"Senden\" \/>\n<\/p><p style=\"display: none !important;\" class=\"akismet-fields-container\" data-prefix=\"_wpcf7_ak_\"><label>&#916;<textarea name=\"_wpcf7_ak_hp_textarea\" cols=\"45\" rows=\"8\" maxlength=\"100\"><\/textarea><\/label><input type=\"hidden\" id=\"ak_js_1\" name=\"_wpcf7_ak_js\" value=\"246\"\/><script>\ndocument.getElementById( \"ak_js_1\" ).setAttribute( \"value\", ( new Date() ).getTime() );\n<\/script>\n<\/p><div class=\"wpcf7-response-output\" aria-hidden=\"true\"><\/div>\n<\/form>\n<\/div>\n\n<table style=\"height: 150px; width: 100%; border-collapse: collapse; vertical-align: top; border: 0px;\">\n<tbody>\n<tr>\n<td style=\"width: 22.6087%; text-align: justify; border: 0px;\"><a href=\"https:\/\/michaelis.kirchechemnitz.de\/wordpress\/wp-content\/uploads\/2026\/02\/260201_Gemeindebrief.pdf\"><img loading=\"lazy\" decoding=\"async\" class=\"alignnone wp-image-7811 size-thumbnail\" src=\"https:\/\/michaelis.kirchechemnitz.de\/wordpress\/wp-content\/uploads\/2026\/02\/260201_Gemeindebrief-106x150.jpg\" alt=\"\" width=\"106\" height=\"150\" srcset=\"https:\/\/michaelis.kirchechemnitz.de\/wordpress\/wp-content\/uploads\/2026\/02\/260201_Gemeindebrief-106x150.jpg 106w, https:\/\/michaelis.kirchechemnitz.de\/wordpress\/wp-content\/uploads\/2026\/02\/260201_Gemeindebrief-211x300.jpg 211w, https:\/\/michaelis.kirchechemnitz.de\/wordpress\/wp-content\/uploads\/2026\/02\/260201_Gemeindebrief.jpg 300w\" sizes=\"auto, (max-width: 106px) 100vw, 106px\" \/><\/a><\/td>\n<td style=\"width: 77.3913%; text-align: justify; vertical-align: top; border: 0px;\"><a href=\"https:\/\/michaelis.kirchechemnitz.de\/wordpress\/wp-content\/uploads\/2026\/02\/260201_Gemeindebrief.pdf\"><strong>Gemeindebrief Februar bis April 2026<\/strong><\/a><\/td>\n<\/tr>\n<tr>\n<td style=\"width: 22.6087%; text-align: justify; border: 0px;\"><a href=\"https:\/\/michaelis.kirchechemnitz.de\/wordpress\/wp-content\/uploads\/2025\/10\/251101_Gemeindebrief.pdf\"><img loading=\"lazy\" decoding=\"async\" class=\"alignnone wp-image-7752 size-thumbnail\" src=\"https:\/\/michaelis.kirchechemnitz.de\/wordpress\/wp-content\/uploads\/2025\/10\/251101_Gemeindebrief-106x150.jpg\" alt=\"\" width=\"106\" height=\"150\" srcset=\"https:\/\/michaelis.kirchechemnitz.de\/wordpress\/wp-content\/uploads\/2025\/10\/251101_Gemeindebrief-106x150.jpg 106w, https:\/\/michaelis.kirchechemnitz.de\/wordpress\/wp-content\/uploads\/2025\/10\/251101_Gemeindebrief-211x300.jpg 211w, https:\/\/michaelis.kirchechemnitz.de\/wordpress\/wp-content\/uploads\/2025\/10\/251101_Gemeindebrief.jpg 300w\" sizes=\"auto, (max-width: 106px) 100vw, 106px\" \/><\/a><\/td>\n<td style=\"width: 77.3913%; text-align: justify; vertical-align: top; border: 0px;\"><a href=\"https:\/\/michaelis.kirchechemnitz.de\/wordpress\/wp-content\/uploads\/2025\/10\/251101_Gemeindebrief.pdf\"><strong>Gemeindebrief November 2025 bis Januar 2026<\/strong><\/a><\/td>\n<\/tr>\n<tr>\n<td style=\"width: 22.6087%; text-align: justify; border: 0px;\"><a href=\"https:\/\/michaelis.kirchechemnitz.de\/wordpress\/wp-content\/uploads\/2025\/07\/250801_Gemeindebrief.pdf\"><img loading=\"lazy\" decoding=\"async\" class=\"alignnone size-thumbnail wp-image-7736\" src=\"https:\/\/michaelis.kirchechemnitz.de\/wordpress\/wp-content\/uploads\/2025\/07\/250801_Gemeindebrief-106x150.jpg\" alt=\"\" width=\"106\" height=\"150\" srcset=\"https:\/\/michaelis.kirchechemnitz.de\/wordpress\/wp-content\/uploads\/2025\/07\/250801_Gemeindebrief-106x150.jpg 106w, https:\/\/michaelis.kirchechemnitz.de\/wordpress\/wp-content\/uploads\/2025\/07\/250801_Gemeindebrief-211x300.jpg 211w, https:\/\/michaelis.kirchechemnitz.de\/wordpress\/wp-content\/uploads\/2025\/07\/250801_Gemeindebrief.jpg 300w\" sizes=\"auto, (max-width: 106px) 100vw, 106px\" \/><\/a><\/td>\n<td style=\"width: 77.3913%; text-align: justify; vertical-align: top; border: 0px;\"><a href=\"https:\/\/michaelis.kirchechemnitz.de\/wordpress\/wp-content\/uploads\/2025\/07\/250801_Gemeindebrief.pdf\"><strong>Gemeindebrief August bis Oktober 2025<\/strong><\/a><\/td>\n<\/tr>\n<tr>\n<td style=\"width: 22.6087%; text-align: justify; border: 0px;\"><a href=\"https:\/\/michaelis.kirchechemnitz.de\/wordpress\/wp-content\/uploads\/2025\/04\/250501_Gemeindebrief.pdf\"><img loading=\"lazy\" decoding=\"async\" class=\"alignnone wp-image-7691 size-thumbnail\" src=\"https:\/\/michaelis.kirchechemnitz.de\/wordpress\/wp-content\/uploads\/2025\/04\/250501_Gemeindebrief-106x150.jpg\" alt=\"\" width=\"106\" height=\"150\" \/><\/a><\/td>\n<td style=\"width: 77.3913%; text-align: justify; vertical-align: top; border: 0px;\"><a href=\"https:\/\/michaelis.kirchechemnitz.de\/wordpress\/wp-content\/uploads\/2025\/04\/250501_Gemeindebrief.pdf\"><strong>Gemeindebrief Mai bis Juli 2025<\/strong><\/a><\/td>\n<\/tr>\n<tr>\n<td style=\"width: 22.6087%; text-align: justify; border: 0px;\"><a href=\"https:\/\/michaelis.kirchechemnitz.de\/wordpress\/wp-content\/uploads\/2025\/02\/250201_Gemeindebrief.pdf\"><img loading=\"lazy\" decoding=\"async\" class=\"alignnone wp-image-7630 size-thumbnail\" src=\"https:\/\/michaelis.kirchechemnitz.de\/wordpress\/wp-content\/uploads\/2025\/02\/250201_Gemeindebrief-106x150.jpg\" alt=\"\" width=\"106\" height=\"150\" srcset=\"https:\/\/michaelis.kirchechemnitz.de\/wordpress\/wp-content\/uploads\/2025\/02\/250201_Gemeindebrief-106x150.jpg 106w, https:\/\/michaelis.kirchechemnitz.de\/wordpress\/wp-content\/uploads\/2025\/02\/250201_Gemeindebrief-211x300.jpg 211w, https:\/\/michaelis.kirchechemnitz.de\/wordpress\/wp-content\/uploads\/2025\/02\/250201_Gemeindebrief.jpg 300w\" sizes=\"auto, (max-width: 106px) 100vw, 106px\" \/><\/a><\/td>\n<td style=\"width: 77.3913%; text-align: justify; vertical-align: top; border: 0px;\"><a href=\"https:\/\/michaelis.kirchechemnitz.de\/wordpress\/wp-content\/uploads\/2025\/02\/250201_Gemeindebrief.pdf\"><strong>Gemeindebrief Februar bis April 2025<\/strong><\/a><\/td>\n<\/tr>\n<tr>\n<td style=\"width: 22.6087%; text-align: justify; border: 0px;\"><a href=\"https:\/\/michaelis.kirchechemnitz.de\/wordpress\/wp-content\/uploads\/2024\/11\/241101_Gemeindebrief.pdf\"><img loading=\"lazy\" decoding=\"async\" class=\"alignnone wp-image-7605 size-thumbnail\" src=\"https:\/\/michaelis.kirchechemnitz.de\/wordpress\/wp-content\/uploads\/2024\/11\/241101_Gemeindebrief-106x150.jpg\" alt=\"\" width=\"106\" height=\"150\" srcset=\"https:\/\/michaelis.kirchechemnitz.de\/wordpress\/wp-content\/uploads\/2024\/11\/241101_Gemeindebrief-106x150.jpg 106w, https:\/\/michaelis.kirchechemnitz.de\/wordpress\/wp-content\/uploads\/2024\/11\/241101_Gemeindebrief-211x300.jpg 211w, https:\/\/michaelis.kirchechemnitz.de\/wordpress\/wp-content\/uploads\/2024\/11\/241101_Gemeindebrief.jpg 300w\" sizes=\"auto, (max-width: 106px) 100vw, 106px\" \/><\/a><\/td>\n<td style=\"width: 77.3913%; text-align: justify; vertical-align: top; border: 0px;\"><strong><a href=\"https:\/\/michaelis.kirchechemnitz.de\/wordpress\/wp-content\/uploads\/2024\/11\/241101_Gemeindebrief.pdf\">Gemeindebrief <\/a><a href=\"https:\/\/michaelis.kirchechemnitz.de\/wordpress\/wp-content\/uploads\/2024\/11\/241101_Gemeindebrief.pdf\">November 2024 bis Januar 202<\/a>5<\/strong><\/td>\n<\/tr>\n<tr>\n<td style=\"width: 22.6087%; text-align: justify; border: 0px;\"><a href=\"https:\/\/michaelis.kirchechemnitz.de\/wordpress\/wp-content\/uploads\/2024\/07\/240801_Gemeindebrief.pdf\"><img loading=\"lazy\" decoding=\"async\" class=\"alignnone wp-image-7582 size-thumbnail\" src=\"https:\/\/michaelis.kirchechemnitz.de\/wordpress\/wp-content\/uploads\/2024\/07\/240801_Gemeindebrief-106x150.jpg\" alt=\"\" width=\"106\" height=\"150\" srcset=\"https:\/\/michaelis.kirchechemnitz.de\/wordpress\/wp-content\/uploads\/2024\/07\/240801_Gemeindebrief-106x150.jpg 106w, https:\/\/michaelis.kirchechemnitz.de\/wordpress\/wp-content\/uploads\/2024\/07\/240801_Gemeindebrief-211x300.jpg 211w, https:\/\/michaelis.kirchechemnitz.de\/wordpress\/wp-content\/uploads\/2024\/07\/240801_Gemeindebrief.jpg 300w\" sizes=\"auto, (max-width: 106px) 100vw, 106px\" \/><\/a><\/td>\n<td style=\"width: 77.3913%; text-align: justify; vertical-align: top; border: 0px;\"><strong><a href=\"https:\/\/michaelis.kirchechemnitz.de\/wordpress\/wp-content\/uploads\/2024\/07\/240801_Gemeindebrief.pdf\">Gemeindebrief August bis Oktober 2024<\/a><\/strong><\/td>\n<\/tr>\n<tr>\n<td style=\"width: 22.6087%; text-align: justify; border: 0px;\"><a href=\"https:\/\/michaelis.kirchechemnitz.de\/wordpress\/wp-content\/uploads\/2024\/05\/240501_Gemeindebrief.pdf\"><img loading=\"lazy\" decoding=\"async\" class=\"alignnone wp-image-7489 size-thumbnail\" src=\"https:\/\/michaelis.kirchechemnitz.de\/wordpress\/wp-content\/uploads\/2024\/05\/240501_Gemeindebrief-106x150.jpg\" alt=\"\" width=\"106\" height=\"150\" srcset=\"https:\/\/michaelis.kirchechemnitz.de\/wordpress\/wp-content\/uploads\/2024\/05\/240501_Gemeindebrief-106x150.jpg 106w, https:\/\/michaelis.kirchechemnitz.de\/wordpress\/wp-content\/uploads\/2024\/05\/240501_Gemeindebrief-211x300.jpg 211w, https:\/\/michaelis.kirchechemnitz.de\/wordpress\/wp-content\/uploads\/2024\/05\/240501_Gemeindebrief.jpg 300w\" sizes=\"auto, (max-width: 106px) 100vw, 106px\" \/><\/a><\/td>\n<td style=\"width: 77.3913%; text-align: justify; vertical-align: top; border: 0px;\"><strong><a href=\"https:\/\/michaelis.kirchechemnitz.de\/wordpress\/wp-content\/uploads\/2024\/05\/240501_Gemeindebrief.pdf\">Gemeindebrief Mai bis Juli 2024<\/a><\/strong><\/td>\n<\/tr>\n<tr>\n<td style=\"width: 22.6087%; text-align: justify; border: 0px;\"><a href=\"https:\/\/michaelis.kirchechemnitz.de\/wordpress\/wp-content\/uploads\/2024\/02\/240201_Gemeindebrief.pdf\"><img loading=\"lazy\" decoding=\"async\" class=\"alignnone wp-image-7470 size-thumbnail\" src=\"https:\/\/michaelis.kirchechemnitz.de\/wordpress\/wp-content\/uploads\/2024\/02\/240201_Gemeindebrief-106x150.jpg\" alt=\"\" width=\"106\" height=\"150\" srcset=\"https:\/\/michaelis.kirchechemnitz.de\/wordpress\/wp-content\/uploads\/2024\/02\/240201_Gemeindebrief-106x150.jpg 106w, https:\/\/michaelis.kirchechemnitz.de\/wordpress\/wp-content\/uploads\/2024\/02\/240201_Gemeindebrief-212x300.jpg 212w, https:\/\/michaelis.kirchechemnitz.de\/wordpress\/wp-content\/uploads\/2024\/02\/240201_Gemeindebrief.jpg 300w\" sizes=\"auto, (max-width: 106px) 100vw, 106px\" \/><\/a><\/td>\n<td style=\"width: 77.3913%; text-align: justify; vertical-align: top; border: 0px;\"><strong><a href=\"https:\/\/michaelis.kirchechemnitz.de\/wordpress\/wp-content\/uploads\/2024\/02\/240201_Gemeindebrief.pdf\">Gemeindebrief Februar bis April 2024<\/a><\/strong><\/td>\n<\/tr>\n<tr>\n<td style=\"width: 22.6087%; text-align: justify; border: 0px;\"><a href=\"https:\/\/michaelis.kirchechemnitz.de\/wordpress\/wp-content\/uploads\/2023\/10\/231101_Gemeindebrief.pdf\"><img loading=\"lazy\" decoding=\"async\" class=\"alignnone wp-image-7323 size-thumbnail\" src=\"https:\/\/michaelis.kirchechemnitz.de\/wordpress\/wp-content\/uploads\/2023\/10\/231101_Gemeindebrief-106x150-1.jpg\" alt=\"\" width=\"106\" height=\"150\" \/><\/a><\/td>\n<td style=\"width: 77.3913%; text-align: justify; vertical-align: top; border: 0px;\"><strong><a href=\"https:\/\/michaelis.kirchechemnitz.de\/wordpress\/wp-content\/uploads\/2023\/10\/231101_Gemeindebrief.pdf\">Gemeindebrief November 2023 bis Januar 2024<\/a><\/strong><\/td>\n<\/tr>\n<tr>\n<td style=\"width: 22.6087%; text-align: justify; border: 0px;\"><a href=\"https:\/\/michaelis.kirchechemnitz.de\/wordpress\/wp-content\/uploads\/2023\/08\/230801_Gemeindebrief.pdf\"><img loading=\"lazy\" decoding=\"async\" class=\"alignnone wp-image-7323 size-thumbnail\" src=\"https:\/\/michaelis.kirchechemnitz.de\/wordpress\/wp-content\/uploads\/2023\/08\/230801_Gemeindebrief-106x150.jpg\" alt=\"\" width=\"106\" height=\"150\" srcset=\"https:\/\/michaelis.kirchechemnitz.de\/wordpress\/wp-content\/uploads\/2023\/08\/230801_Gemeindebrief-106x150.jpg 106w, https:\/\/michaelis.kirchechemnitz.de\/wordpress\/wp-content\/uploads\/2023\/08\/230801_Gemeindebrief-211x300.jpg 211w, https:\/\/michaelis.kirchechemnitz.de\/wordpress\/wp-content\/uploads\/2023\/08\/230801_Gemeindebrief.jpg 300w\" sizes=\"auto, (max-width: 106px) 100vw, 106px\" \/><\/a><\/td>\n<td style=\"width: 77.3913%; text-align: justify; vertical-align: top; border: 0px;\"><strong><a href=\"https:\/\/michaelis.kirchechemnitz.de\/wordpress\/wp-content\/uploads\/2023\/08\/230801_Gemeindebrief.pdf\">Gemeindebrief August bis Oktober 2023<\/a><\/strong><\/td>\n<\/tr>\n<tr>\n<td style=\"width: 22.6087%; text-align: justify; border: 0px;\"><a href=\"https:\/\/michaelis.kirchechemnitz.de\/wordpress\/wp-content\/uploads\/2023\/05\/230501_Gemeindebrief.pdf\"><img loading=\"lazy\" decoding=\"async\" class=\"alignnone wp-image-7288 size-thumbnail\" src=\"https:\/\/michaelis.kirchechemnitz.de\/wordpress\/wp-content\/uploads\/2023\/05\/230501_Gemeindebrief-106x150.jpg\" alt=\"\" width=\"106\" height=\"150\" srcset=\"https:\/\/michaelis.kirchechemnitz.de\/wordpress\/wp-content\/uploads\/2023\/05\/230501_Gemeindebrief-106x150.jpg 106w, https:\/\/michaelis.kirchechemnitz.de\/wordpress\/wp-content\/uploads\/2023\/05\/230501_Gemeindebrief-211x300.jpg 211w, https:\/\/michaelis.kirchechemnitz.de\/wordpress\/wp-content\/uploads\/2023\/05\/230501_Gemeindebrief.jpg 300w\" sizes=\"auto, (max-width: 106px) 100vw, 106px\" \/><\/a><\/td>\n<td style=\"width: 77.3913%; text-align: justify; vertical-align: top; border: 0px;\"><strong><a href=\"https:\/\/michaelis.kirchechemnitz.de\/wordpress\/wp-content\/uploads\/2023\/05\/230501_Gemeindebrief.pdf\">Gemeindebrief Mai bis Juli 2023<\/a><\/strong><\/td>\n<\/tr>\n<tr>\n<td style=\"width: 22.6087%; text-align: justify; border: 0px;\"><a href=\"https:\/\/michaelis.kirchechemnitz.de\/wordpress\/wp-content\/uploads\/2023\/02\/230201_Gemeindebrief.pdf\"><img loading=\"lazy\" decoding=\"async\" class=\"alignnone wp-image-7267 size-thumbnail\" src=\"https:\/\/michaelis.kirchechemnitz.de\/wordpress\/wp-content\/uploads\/2023\/02\/230201_Gemeindebrief-106x150.jpg\" alt=\"\" width=\"106\" height=\"150\" srcset=\"https:\/\/michaelis.kirchechemnitz.de\/wordpress\/wp-content\/uploads\/2023\/02\/230201_Gemeindebrief-106x150.jpg 106w, https:\/\/michaelis.kirchechemnitz.de\/wordpress\/wp-content\/uploads\/2023\/02\/230201_Gemeindebrief-211x300.jpg 211w, https:\/\/michaelis.kirchechemnitz.de\/wordpress\/wp-content\/uploads\/2023\/02\/230201_Gemeindebrief.jpg 300w\" sizes=\"auto, (max-width: 106px) 100vw, 106px\" \/><\/a><\/td>\n<td style=\"width: 77.3913%; text-align: justify; vertical-align: top; border: 0px;\"><strong><a href=\"https:\/\/michaelis.kirchechemnitz.de\/wordpress\/wp-content\/uploads\/2023\/02\/230201_Gemeindebrief.pdf\">Gemeindebrief Februar bis April 2023<\/a><\/strong><\/td>\n<\/tr>\n<tr>\n<td style=\"width: 22.6087%; text-align: justify; border: 0px;\"><a href=\"https:\/\/michaelis.kirchechemnitz.de\/wordpress\/wp-content\/uploads\/2022\/11\/221101_Gemeindebrief.pdf\"><img loading=\"lazy\" decoding=\"async\" class=\"alignnone wp-image-7233 size-thumbnail\" src=\"https:\/\/michaelis.kirchechemnitz.de\/wordpress\/wp-content\/uploads\/2022\/11\/221101_Gemeindebrief-107x150.jpg\" alt=\"\" width=\"107\" height=\"150\" srcset=\"https:\/\/michaelis.kirchechemnitz.de\/wordpress\/wp-content\/uploads\/2022\/11\/221101_Gemeindebrief-107x150.jpg 107w, https:\/\/michaelis.kirchechemnitz.de\/wordpress\/wp-content\/uploads\/2022\/11\/221101_Gemeindebrief-214x300.jpg 214w, https:\/\/michaelis.kirchechemnitz.de\/wordpress\/wp-content\/uploads\/2022\/11\/221101_Gemeindebrief.jpg 300w\" sizes=\"auto, (max-width: 107px) 100vw, 107px\" \/><\/a><\/td>\n<td style=\"width: 77.3913%; text-align: justify; vertical-align: top; border: 0px;\"><a href=\"https:\/\/michaelis.kirchechemnitz.de\/wordpress\/wp-content\/uploads\/2022\/11\/221101_Gemeindebrief.pdf\"><strong>Gemeindebrief November 2022 bis Januar 2023<\/strong><\/a><\/td>\n<\/tr>\n<tr style=\"height: 150px;\">\n<td style=\"width: 22.6087%; height: 150px; text-align: justify; border: 0px;\"><a href=\"https:\/\/michaelis.kirchechemnitz.de\/wordpress\/wp-content\/uploads\/2022\/11\/220801_Gemeindebrief.pdf\"><img loading=\"lazy\" decoding=\"async\" class=\"alignnone wp-image-7178 size-thumbnail\" src=\"https:\/\/michaelis.kirchechemnitz.de\/wordpress\/wp-content\/uploads\/2022\/10\/220801_Gemeindebrief-107x150.jpg\" alt=\"\" width=\"107\" height=\"150\" srcset=\"https:\/\/michaelis.kirchechemnitz.de\/wordpress\/wp-content\/uploads\/2022\/10\/220801_Gemeindebrief-107x150.jpg 107w, https:\/\/michaelis.kirchechemnitz.de\/wordpress\/wp-content\/uploads\/2022\/10\/220801_Gemeindebrief-214x300.jpg 214w, https:\/\/michaelis.kirchechemnitz.de\/wordpress\/wp-content\/uploads\/2022\/10\/220801_Gemeindebrief.jpg 300w\" sizes=\"auto, (max-width: 107px) 100vw, 107px\" \/><\/a><\/td>\n<td style=\"width: 77.3913%; height: 150px; text-align: justify; vertical-align: top; border: 0px;\"><a href=\"https:\/\/michaelis.kirchechemnitz.de\/wordpress\/wp-content\/uploads\/2022\/11\/220801_Gemeindebrief.pdf\"><strong>Gemeindebrief August bis Oktober 2022<\/strong><\/a><\/td>\n<\/tr>\n<tr style=\"height: 150px;\">\n<td style=\"width: 22.6087%; height: 150px; text-align: justify; border: 0px;\"><a href=\"https:\/\/michaelis.kirchechemnitz.de\/wordpress\/wp-content\/uploads\/2022\/11\/220501_Gemeindebrief.pdf\"><img loading=\"lazy\" decoding=\"async\" class=\"alignnone wp-image-7200 size-thumbnail\" src=\"https:\/\/michaelis.kirchechemnitz.de\/wordpress\/wp-content\/uploads\/2022\/10\/220501_Gemeindebrief-107x150.jpg\" alt=\"\" width=\"107\" height=\"150\" srcset=\"https:\/\/michaelis.kirchechemnitz.de\/wordpress\/wp-content\/uploads\/2022\/10\/220501_Gemeindebrief-107x150.jpg 107w, https:\/\/michaelis.kirchechemnitz.de\/wordpress\/wp-content\/uploads\/2022\/10\/220501_Gemeindebrief-214x300.jpg 214w, https:\/\/michaelis.kirchechemnitz.de\/wordpress\/wp-content\/uploads\/2022\/10\/220501_Gemeindebrief.jpg 300w\" sizes=\"auto, (max-width: 107px) 100vw, 107px\" \/><\/a><\/td>\n<td style=\"width: 77.3913%; height: 150px; text-align: justify; vertical-align: top; border: 0px;\"><a href=\"https:\/\/michaelis.kirchechemnitz.de\/wordpress\/wp-content\/uploads\/2022\/11\/220501_Gemeindebrief.pdf\"><strong>Gemeindebrief Mai bis Juli 2022<\/strong><\/a><\/td>\n<\/tr>\n<\/tbody>\n<\/table>\n","protected":false},"excerpt":{"rendered":"<p>Sie m\u00f6chten den Gemeindebrief k\u00fcnftig per E-Mail erhalten? F\u00fcllen Sie bitte folgendes Formular aus. Gemeindebrief Februar bis April 2026 Gemeindebrief November 2025 bis Januar 2026 Gemeindebrief August bis Oktober 2025 Gemeindebrief Mai bis Juli 2025 Gemeindebrief Februar bis April 2025 Gemeindebrief November 2024 bis Januar 2025 Gemeindebrief August bis Oktober 2024 Gemeindebrief Mai bis Juli &hellip; <a href=\"https:\/\/michaelis.kirchechemnitz.de\/wordpress\/gemeinde\/aus-dem-gemeindebrief\/\" class=\"more-link\"><span class=\"screen-reader-text\">Gemeindebrief<\/span> weiterlesen<\/a><\/p>\n","protected":false},"author":1,"featured_media":0,"parent":28,"menu_order":0,"comment_status":"closed","ping_status":"closed","template":"","meta":{"footnotes":""},"class_list":["post-7061","page","type-page","status-publish","hentry"],"_links":{"self":[{"href":"https:\/\/michaelis.kirchechemnitz.de\/wordpress\/wp-json\/wp\/v2\/pages\/7061","targetHints":{"allow":["GET"]}}],"collection":[{"href":"https:\/\/michaelis.kirchechemnitz.de\/wordpress\/wp-json\/wp\/v2\/pages"}],"about":[{"href":"https:\/\/michaelis.kirchechemnitz.de\/wordpress\/wp-json\/wp\/v2\/types\/page"}],"author":[{"embeddable":true,"href":"https:\/\/michaelis.kirchechemnitz.de\/wordpress\/wp-json\/wp\/v2\/users\/1"}],"replies":[{"embeddable":true,"href":"https:\/\/michaelis.kirchechemnitz.de\/wordpress\/wp-json\/wp\/v2\/comments?post=7061"}],"version-history":[{"count":37,"href":"https:\/\/michaelis.kirchechemnitz.de\/wordpress\/wp-json\/wp\/v2\/pages\/7061\/revisions"}],"predecessor-version":[{"id":7814,"href":"https:\/\/michaelis.kirchechemnitz.de\/wordpress\/wp-json\/wp\/v2\/pages\/7061\/revisions\/7814"}],"up":[{"embeddable":true,"href":"https:\/\/michaelis.kirchechemnitz.de\/wordpress\/wp-json\/wp\/v2\/pages\/28"}],"wp:attachment":[{"href":"https:\/\/michaelis.kirchechemnitz.de\/wordpress\/wp-json\/wp\/v2\/media?parent=7061"}],"curies":[{"name":"wp","href":"https:\/\/api.w.org\/{rel}","templated":true}]}}