{"id":7520,"date":"2024-05-15T12:18:39","date_gmt":"2024-05-15T10:18:39","guid":{"rendered":"https:\/\/michaelis.kirchechemnitz.de\/wordpress\/?page_id=7520"},"modified":"2026-03-16T20:32:34","modified_gmt":"2026-03-16T19:32:34","slug":"helfende-haende-e-v-rumaenienhilfe-chemnitz","status":"publish","type":"page","link":"https:\/\/michaelis.kirchechemnitz.de\/wordpress\/helfende-haende-e-v-rumaenienhilfe-chemnitz\/","title":{"rendered":"&#8222;Helfende H\u00e4nde&#8220; Rum\u00e4nienhilfe Chemnitz"},"content":{"rendered":"\n<figure class=\"wp-block-gallery has-nested-images columns-default is-cropped wp-block-gallery-1 is-layout-flex wp-block-gallery-is-layout-flex\"><\/figure>\n\n\n\n<p><\/p>\n\n\n\n<p><strong>Weiterreichende Informationen dieser Seite sind noch in Arbeit.<\/strong> <\/p>\n\n\n\n<p>Oder Sie suchen unter nachfolgendem Link:<\/p>\n\n\n\n<p><a href=\"https:\/\/www.kirchgemeinden-chemnitz-west.de\/rum%C3%A4nienhilfe\">Rum\u00e4nienhilfe &#8211; Ev.-Luth. Kirchgemeinde Sch\u00f6nau-Reichenbrand<\/a><\/p>\n\n\n\n<p><strong>Wir bitten an dieser Stelle um Ihr Verst\u00e4ndnis. Herzlichen Dank.<\/strong><\/p>\n\n\n\n<p><\/p>\n\n\n\n<p><\/p>\n\n\n\n<p><\/p>\n","protected":false},"excerpt":{"rendered":"<p>Weiterreichende Informationen dieser Seite sind noch in Arbeit. Oder Sie suchen unter nachfolgendem Link: Rum\u00e4nienhilfe &#8211; Ev.-Luth. Kirchgemeinde Sch\u00f6nau-Reichenbrand Wir bitten an dieser Stelle um Ihr Verst\u00e4ndnis. Herzlichen Dank.<\/p>\n","protected":false},"author":7,"featured_media":0,"parent":0,"menu_order":0,"comment_status":"closed","ping_status":"closed","template":"","meta":{"footnotes":""},"class_list":["post-7520","page","type-page","status-publish","hentry"],"_links":{"self":[{"href":"https:\/\/michaelis.kirchechemnitz.de\/wordpress\/wp-json\/wp\/v2\/pages\/7520","targetHints":{"allow":["GET"]}}],"collection":[{"href":"https:\/\/michaelis.kirchechemnitz.de\/wordpress\/wp-json\/wp\/v2\/pages"}],"about":[{"href":"https:\/\/michaelis.kirchechemnitz.de\/wordpress\/wp-json\/wp\/v2\/types\/page"}],"author":[{"embeddable":true,"href":"https:\/\/michaelis.kirchechemnitz.de\/wordpress\/wp-json\/wp\/v2\/users\/7"}],"replies":[{"embeddable":true,"href":"https:\/\/michaelis.kirchechemnitz.de\/wordpress\/wp-json\/wp\/v2\/comments?post=7520"}],"version-history":[{"count":9,"href":"https:\/\/michaelis.kirchechemnitz.de\/wordpress\/wp-json\/wp\/v2\/pages\/7520\/revisions"}],"predecessor-version":[{"id":7869,"href":"https:\/\/michaelis.kirchechemnitz.de\/wordpress\/wp-json\/wp\/v2\/pages\/7520\/revisions\/7869"}],"wp:attachment":[{"href":"https:\/\/michaelis.kirchechemnitz.de\/wordpress\/wp-json\/wp\/v2\/media?parent=7520"}],"curies":[{"name":"wp","href":"https:\/\/api.w.org\/{rel}","templated":true}]}}