{"id":8,"date":"2016-05-19T13:58:28","date_gmt":"2016-05-19T11:58:28","guid":{"rendered":"http:\/\/michaelis.kirchechemnitz.de\/wordpress\/?page_id=8"},"modified":"2026-04-01T16:27:15","modified_gmt":"2026-04-01T14:27:15","slug":"kontakte","status":"publish","type":"page","link":"https:\/\/michaelis.kirchechemnitz.de\/wordpress\/kontakte\/","title":{"rendered":"Kontakte"},"content":{"rendered":"\n<h3 class=\"wp-block-heading\" id=\"altchemnitz\">B\u00fcro Altchemnitz<\/h3>\n\n\n\n<p>Annaberger Str. 249<br>09125 Chemnitz<br><iframe loading=\"lazy\" style=\"border: 0;\" src=\"https:\/\/www.google.com\/maps\/embed?pb=!1m18!1m12!1m3!1d2247.8688210836394!2d12.912351509308465!3d50.79984277341686!2m3!1f0!2f0!3f0!3m2!1i1024!2i768!4f13.1!3m3!1m2!1s0x0000000000000000%3A0x6eb24150c94441ac!2sSt.+Michaelis!5e0!3m2!1sde!2sde!4v1463662377834\" width=\"600\" height=\"450\" frameborder=\"0\" allowfullscreen=\"allowfullscreen\"><\/iframe><\/p>\n\n\n<figure class=\"wp-block-image is-resized\"><img decoding=\"async\" style=\"width: 187px; height: 214px;\" src=\"https:\/\/michaelis.kirchechemnitz.de\/wordpress\/wp-content\/uploads\/2016\/05\/michaelisgemeinde.png\" alt=\"Siegel der Michaelisgemeinde\" \/><\/figure>\n\n\n<p><strong>Telefon<\/strong> 0371 510015    <\/p>\n\n\n\n<p><strong>Fax<\/strong> 0371 5384889<\/p>\n\n\n\n<div class=\"wp-block-group is-vertical is-layout-flex wp-container-core-group-is-layout-8cf370e7 wp-block-group-is-layout-flex\">\n<p>Das Pfarramt Altchemnitz ist in der Woche vom 07.04.2026 bis 10.04.2026 ausschlie\u00dflich mittwochs und freitags ge\u00f6ffnet.<\/p>\n<\/div>\n\n\n\n<p><\/p>\n\n\n\n<p><strong>\u00d6ffnungszeiten<\/strong><br>mo|di|fr&nbsp;9\u201312 Uhr<br>mi&nbsp;15\u201318 Uhr<\/p>\n\n\n\n<p><\/p>\n\n\n\n<h3 class=\"wp-block-heading\" id=\"harthau\">B\u00fcro Harthau<\/h3>\n\n\n\n<p>St\u00f6cklstra\u00dfe 6<br>09125 Chemnitz<\/p>\n\n\n\n<p>(Zufahrt gegen\u00fcber Tankstelle)<\/p>\n\n\n\n<p><iframe loading=\"lazy\" style=\"border: 0;\" src=\"https:\/\/www.google.com\/maps\/embed?pb=!1m18!1m12!1m3!1d567.6529407912665!2d12.924299162411367!3d50.775761098848186!2m3!1f0!2f0!3f0!3m2!1i1024!2i768!4f13.1!3m3!1m2!1s0x47a748b57fb262f3%3A0xbe585f60f114d62!2sKirchgemeinde%20Harthau!5e0!3m2!1sde!2sde!4v1581628712238!5m2!1sde!2sde\" width=\"600\" height=\"450\" frameborder=\"0\" allowfullscreen=\"allowfullscreen\"><\/iframe><\/p>\n\n\n\n<p><img decoding=\"async\" style=\"float: right; width: 35%; padding-left: 10px;\" src=\"https:\/\/michaelis.kirchechemnitz.de\/wordpress\/wp-content\/uploads\/2016\/05\/luthergemeinde.png\" alt=\"Siegel der Luthergemeinde\"><strong>Telefon<\/strong> 0371 510101    <\/p>\n\n\n\n<p><strong>Fax<\/strong> 0371 5382934<\/p>\n\n\n\n<p><strong>\u00d6ffnungszeiten<\/strong><br>di&nbsp;9\u201311 und 14\u201316 Uhr<br>fr&nbsp;9\u201311 Uhr<\/p>\n\n\n\n<p>Das Pfarramt Harthau ist in der Woche vom 07.04.2026 bis 10.04.2026 ausschlie\u00dflich dienstags ge\u00f6ffnet.<\/p>\n\n\n\n<p><strong>E-Mail<\/strong><br>kg.altchemnitz-harthau (at) evlks.de<\/p>\n\n\n\n<p><strong>Mitarbeiterinnen<\/strong><br>Frau Kirsten Seprenyi, Frau Susan Sporbert<\/p>\n\n\n\n<h3 class=\"wp-block-heading\">Pfarrer<\/h3>\n\n\n\n<p class=\"has-text-align-left\"><strong>ab 01.09.2023 ist Pfarrer Jens Oehme, Telefon : 0371\/ 52039592<\/strong> <strong>vertretungsweise f\u00fcr unsere Gemeinde zust\u00e4ndig.<\/strong><\/p>\n\n\n\n<p><\/p>\n","protected":false},"excerpt":{"rendered":"<p>B\u00fcro Altchemnitz Annaberger Str. 24909125 Chemnitz Telefon 0371 510015 Fax 0371 5384889 Das Pfarramt Altchemnitz ist in der Woche vom 07.04.2026 bis 10.04.2026 ausschlie\u00dflich mittwochs und freitags ge\u00f6ffnet. \u00d6ffnungszeitenmo|di|fr&nbsp;9\u201312 Uhrmi&nbsp;15\u201318 Uhr B\u00fcro Harthau St\u00f6cklstra\u00dfe 609125 Chemnitz (Zufahrt gegen\u00fcber Tankstelle) Telefon 0371 510101 Fax 0371 5382934 \u00d6ffnungszeitendi&nbsp;9\u201311 und 14\u201316 Uhrfr&nbsp;9\u201311 Uhr Das Pfarramt Harthau ist in &hellip; <a href=\"https:\/\/michaelis.kirchechemnitz.de\/wordpress\/kontakte\/\" class=\"more-link\"><span class=\"screen-reader-text\">Kontakte<\/span> weiterlesen<\/a><\/p>\n","protected":false},"author":3,"featured_media":7100,"parent":0,"menu_order":2,"comment_status":"closed","ping_status":"closed","template":"","meta":{"footnotes":""},"class_list":["post-8","page","type-page","status-publish","has-post-thumbnail","hentry"],"_links":{"self":[{"href":"https:\/\/michaelis.kirchechemnitz.de\/wordpress\/wp-json\/wp\/v2\/pages\/8","targetHints":{"allow":["GET"]}}],"collection":[{"href":"https:\/\/michaelis.kirchechemnitz.de\/wordpress\/wp-json\/wp\/v2\/pages"}],"about":[{"href":"https:\/\/michaelis.kirchechemnitz.de\/wordpress\/wp-json\/wp\/v2\/types\/page"}],"author":[{"embeddable":true,"href":"https:\/\/michaelis.kirchechemnitz.de\/wordpress\/wp-json\/wp\/v2\/users\/3"}],"replies":[{"embeddable":true,"href":"https:\/\/michaelis.kirchechemnitz.de\/wordpress\/wp-json\/wp\/v2\/comments?post=8"}],"version-history":[{"count":137,"href":"https:\/\/michaelis.kirchechemnitz.de\/wordpress\/wp-json\/wp\/v2\/pages\/8\/revisions"}],"predecessor-version":[{"id":7873,"href":"https:\/\/michaelis.kirchechemnitz.de\/wordpress\/wp-json\/wp\/v2\/pages\/8\/revisions\/7873"}],"wp:featuredmedia":[{"embeddable":true,"href":"https:\/\/michaelis.kirchechemnitz.de\/wordpress\/wp-json\/wp\/v2\/media\/7100"}],"wp:attachment":[{"href":"https:\/\/michaelis.kirchechemnitz.de\/wordpress\/wp-json\/wp\/v2\/media?parent=8"}],"curies":[{"name":"wp","href":"https:\/\/api.w.org\/{rel}","templated":true}]}}